{"id":6625,"date":"2024-09-11T13:46:35","date_gmt":"2024-09-11T11:46:35","guid":{"rendered":"https:\/\/vanue.world\/de\/?post_type=product&#038;p=6625"},"modified":"2026-05-07T06:53:01","modified_gmt":"2026-05-07T04:53:01","slug":"vanue-camper-set-s-fuer-15-m%c2%b2","status":"publish","type":"product","link":"https:\/\/vanue.world\/en\/product-2\/vanue-camper-set-s-fuer-15-m%c2%b2\/","title":{"rendered":"VANUE\u00ae Camper-SET S f\u00fcr 15 m\u00b2"},"content":{"rendered":"<br \/>\n<h2>Set S aus Kautschukd\u00e4mmstoff und Zubeh\u00f6r zur Fahrzeugisolierung<\/h2>\n<p>Unser D\u00e4mmmaterial wurde speziell f\u00fcr den Einsatz in Camper&nbsp;&amp;&nbsp;Co. entwickelt. Dazu passend haben wir Sets konzipiert, um dein Projekt bis aufs Ma\u00df zu unterst\u00fctzen. Das Set&nbsp;S f\u00fcr den Ausbau enth\u00e4lt den VANUE\u00ae CLEAN Spezialreiniger 1&nbsp;l zur Vorreinigung der zu beklebenden Oberfl\u00e4che. VANUE\u00ae INSULATE Sheet 19&nbsp;mm ist die perfekte D\u00e4mmplatte f\u00fcr ein angenehmes Klima, auch unter extremen Bedingungen. Mit dem VANUE\u00ae FIX Klebeband 15&nbsp;m verklebst du Sto\u00dfkanten und Anschl\u00fcsse f\u00fcr ein perfektes Ergebnis. Sinnvoll erg\u00e4nzend (nicht im Set enthalten) empfehlen wir vorab zur Entdr\u00f6hnung die VANUE\u00ae Acoustic-D\u00e4mmplatten.<\/p>\n<ul>\n<li>3\u00d7 VANUE\u00ae INSULATE Sheet 19&nbsp;mm \u00e0 5&nbsp;m\u00b2<\/li>\n<li>3\u00d7 VANUE\u00ae FIX Klebeband 15&nbsp;m<\/li>\n<li>1\u00d7 VANUE\u00ae CLEAN Spezialreiniger 1&nbsp;l<\/li>\n<li>1\u00d7 Keramikmesser<\/li>\n<\/ul>\n<h3>properties<\/h3>\n<ul>\n<li>Hochwirksame und sehr zuverl\u00e4ssige D\u00e4mmung (W\u00e4rmeleitf\u00e4higkeit bis \u03bb&nbsp;\u2264&nbsp;0,034&nbsp;W\/(m\u00b7K) bei 0&nbsp;\u00b0C)<\/li>\n<li>Self-adhesive<\/li>\n<li>Zuverl\u00e4ssige Tauwasserverhinderung (Wasserdampfdurchl\u00e4ssigkeit bis \u03bc&nbsp;\u2265&nbsp;10.000)<\/li>\n<li>Made in Germany<\/li>\n<li>Euroklasse B-s3, d0<\/li>\n<\/ul>\n<table>\n<caption><strong>Table by vehicle size<\/strong><\/caption>\n<thead>\n<tr>\n<th scope=\"col\">variant<\/th>\n<th scope=\"col\">Set<\/th>\n<th scope=\"col\">Laderauml\u00e4nge (m)<\/th>\n<th scope=\"col\">Fahrzeugh\u00f6he (m)<\/th>\n<th scope=\"col\">Breite (m)<\/th>\n<th scope=\"col\">Fl\u00e4che (m\u00b2)<\/th>\n<th scope=\"col\">number of boxes<\/th>\n<\/tr>\n<\/thead>\n<tbody>\n<tr>\n<th scope=\"row\">L1H1<\/th>\n<td>S<\/td>\n<td>2,7<\/td>\n<td>1,7<\/td>\n<td>1,8<\/td>\n<td>15<\/td>\n<td>3<\/td>\n<\/tr>\n<tr>\n<th scope=\"row\">L2H1<\/th>\n<td>M<\/td>\n<td>3,1<\/td>\n<td>1,7<\/td>\n<td>1,8<\/td>\n<td>20<\/td>\n<td>4<\/td>\n<\/tr>\n<tr>\n<th scope=\"row\">L2H2<\/th>\n<td>M<\/td>\n<td>3,1<\/td>\n<td>1,9<\/td>\n<td>1,8<\/td>\n<td>20<\/td>\n<td>4<\/td>\n<\/tr>\n<tr>\n<th scope=\"row\">L3H2<\/th>\n<td>L<\/td>\n<td>3,7<\/td>\n<td>1,9<\/td>\n<td>1,8<\/td>\n<td>25<\/td>\n<td>5<\/td>\n<\/tr>\n<tr>\n<th scope=\"row\">L3H3<\/th>\n<td>XL<\/td>\n<td>3,7<\/td>\n<td>2,2<\/td>\n<td>1,8<\/td>\n<td>30<\/td>\n<td>6<\/td>\n<\/tr>\n<tr>\n<th scope=\"row\">L4H2<\/th>\n<td>XL<\/td>\n<td>4,0<\/td>\n<td>1,9<\/td>\n<td>1,8<\/td>\n<td>30<\/td>\n<td>6<\/td>\n<\/tr>\n<tr>\n<th scope=\"row\">L4H3<\/th>\n<td>XXL<\/td>\n<td>4,0<\/td>\n<td>2,2<\/td>\n<td>1,8<\/td>\n<td>35<\/td>\n<td>7<\/td>\n<\/tr>\n<\/tbody>\n<\/table>","protected":false},"excerpt":{"rendered":"<br \/>\n<h2>Set S aus Kautschukd\u00e4mmstoff und Zubeh\u00f6r zur Fahrzeugisolierung<\/h2>\n<p>Unser D\u00e4mmmaterial wurde speziell f\u00fcr den Einsatz in Camper &amp; Co. entwickelt. Dazu passend haben wir Sets konzipiert, um dein Projekt bis aufs Ma\u00df zu unterst\u00fctzen. Das Set L f\u00fcr den Ausbau enth\u00e4lt den VANUE\u00ae CLEAN Spezialreiniger 1&nbsp;l zur Vorreinigung der zu beklebenden Oberfl\u00e4che. VANUE\u00ae INSULATE Sheet 19&nbsp;mm ist die perfekte D\u00e4mmplatte f\u00fcr angenehm gutes Klima, auch unter extremen Bedingungen. Mit dem VANUE\u00ae FIX Klebeband 15&nbsp;m verklebst du Sto\u00dfkanten und Anschl\u00fcsse f\u00fcr ein perfektes Ergebnis. Erg\u00e4nzend (nicht im Set enthalten) empfehlen wir vorab zur Entdr\u00f6hnung die VANUE\u00ae Acoustic-D\u00e4mmplatten.<\/p>\n<ul>\n<li>3\u00d7 VANUE\u00ae INSULATE Sheet 19&nbsp;mm \u00e0 5&nbsp;m\u00b2<\/li>\n<li>3\u00d7 VANUE\u00ae FIX Klebeband 15&nbsp;m<\/li>\n<li>1\u00d7 VANUE\u00ae CLEAN Spezialreiniger 1&nbsp;l<\/li>\n<li>1\u00d7 Keramikmesser<\/li>\n<\/ul>","protected":false},"featured_media":10225,"comment_status":"closed","ping_status":"closed","template":"","meta":[],"product_brand":[],"product_cat":[120,93],"product_tag":[100,56,57,103,105,97,98,107,109,102,99,101,106,65,112,72,58,110,111,113,104,108,59],"class_list":{"0":"post-6625","1":"product","2":"type-product","3":"status-publish","4":"has-post-thumbnail","6":"product_cat-gesamtes-sortiment-vanue-shop","7":"product_cat-vanue-set","8":"product_tag-amaflex","9":"product_tag-armacell","10":"product_tag-armaflex","11":"product_tag-bus","12":"product_tag-camper","13":"product_tag-camperausbau","14":"product_tag-camperset","15":"product_tag-campingbus","16":"product_tag-daemmplatten","17":"product_tag-daemmung","18":"product_tag-der","19":"product_tag-fahrzeugisolierung","20":"product_tag-isolieren","21":"product_tag-isolierprofi","22":"product_tag-isolierung","23":"product_tag-kaiflex","24":"product_tag-kaimann","25":"product_tag-kfz","26":"product_tag-selbstausbau","27":"product_tag-selbstklebend","28":"product_tag-transporter","29":"product_tag-wohnwagen","30":"product_tag-xg","31":"product_shipping_class-standardpaket","33":"first","34":"instock","35":"taxable","36":"shipping-taxable","37":"purchasable","38":"product-type-simple"},"_links":{"self":[{"href":"https:\/\/vanue.world\/en\/wp-json\/wp\/v2\/product\/6625","targetHints":{"allow":["GET"]}}],"collection":[{"href":"https:\/\/vanue.world\/en\/wp-json\/wp\/v2\/product"}],"about":[{"href":"https:\/\/vanue.world\/en\/wp-json\/wp\/v2\/types\/product"}],"replies":[{"embeddable":true,"href":"https:\/\/vanue.world\/en\/wp-json\/wp\/v2\/comments?post=6625"}],"wp:featuredmedia":[{"embeddable":true,"href":"https:\/\/vanue.world\/en\/wp-json\/wp\/v2\/media\/10225"}],"wp:attachment":[{"href":"https:\/\/vanue.world\/en\/wp-json\/wp\/v2\/media?parent=6625"}],"wp:term":[{"taxonomy":"product_brand","embeddable":true,"href":"https:\/\/vanue.world\/en\/wp-json\/wp\/v2\/product_brand?post=6625"},{"taxonomy":"product_cat","embeddable":true,"href":"https:\/\/vanue.world\/en\/wp-json\/wp\/v2\/product_cat?post=6625"},{"taxonomy":"product_tag","embeddable":true,"href":"https:\/\/vanue.world\/en\/wp-json\/wp\/v2\/product_tag?post=6625"}],"curies":[{"name":"wp","href":"https:\/\/api.w.org\/{rel}","templated":true}]}}