{"id":8820,"date":"2025-08-06T09:38:11","date_gmt":"2025-08-06T07:38:11","guid":{"rendered":"https:\/\/vanue.world\/?page_id=8820"},"modified":"2025-08-06T13:31:57","modified_gmt":"2025-08-06T11:31:57","slug":"reseller-retailer","status":"publish","type":"page","link":"https:\/\/vanue.world\/en\/reseller-retailer\/","title":{"rendered":"Wiederverk\u00e4ufer"},"content":{"rendered":"<div data-elementor-type=\"wp-page\" data-elementor-id=\"8820\" class=\"elementor elementor-8820\" data-elementor-post-type=\"page\">\n\t\t\t\t\t\t<section class=\"elementor-section elementor-top-section elementor-element elementor-element-f8e59c5 elementor-section-content-middle elementor-section-height-min-height elementor-section-boxed elementor-section-height-default elementor-section-items-middle\" data-id=\"f8e59c5\" data-element_type=\"section\" data-settings=\"{&quot;background_background&quot;:&quot;classic&quot;}\">\n\t\t\t\t\t\t<div class=\"elementor-container elementor-column-gap-default\">\n\t\t\t\t\t<div class=\"elementor-column elementor-col-66 elementor-top-column elementor-element elementor-element-38ae6d04 elementor-invisible\" data-id=\"38ae6d04\" data-element_type=\"column\" data-settings=\"{&quot;background_background&quot;:&quot;classic&quot;,&quot;animation&quot;:&quot;fadeInLeft&quot;}\">\n\t\t\t<div class=\"elementor-widget-wrap elementor-element-populated\">\n\t\t\t\t\t\t<div class=\"elementor-element elementor-element-1637100e elementor-invisible elementor-widget elementor-widget-heading\" data-id=\"1637100e\" data-element_type=\"widget\" data-settings=\"{&quot;_animation&quot;:&quot;fadeInRight&quot;}\" data-widget_type=\"heading.default\">\n\t\t\t\t<div class=\"elementor-widget-container\">\n\t\t\t\t\t<h1 class=\"elementor-heading-title elementor-size-default\">Vanue for professionals<br>\n<small> Retailers, fitters &amp; influencers<\/small><\/h1>\t\t\t\t<\/div>\n\t\t\t\t<\/div>\n\t\t\t\t<div class=\"elementor-element elementor-element-11190bc elementor-invisible elementor-widget elementor-widget-text-editor\" data-id=\"11190bc\" data-element_type=\"widget\" data-settings=\"{&quot;_animation&quot;:&quot;fadeInRight&quot;,&quot;_animation_delay&quot;:200}\" data-widget_type=\"text-editor.default\">\n\t\t\t\t<div class=\"elementor-widget-container\">\n\t\t\t\t\t\t\t\t\t<p>We offer you attractive conditions.<\/p>\t\t\t\t\t\t\t\t<\/div>\n\t\t\t\t<\/div>\n\t\t\t\t<div class=\"elementor-element elementor-element-9e43f22 elementor-align-left elementor-widget elementor-widget-button\" data-id=\"9e43f22\" data-element_type=\"widget\" data-settings=\"{&quot;_animation&quot;:&quot;none&quot;,&quot;_animation_delay&quot;:300}\" data-widget_type=\"button.default\">\n\t\t\t\t<div class=\"elementor-widget-container\">\n\t\t\t\t\t\t\t\t\t<div class=\"elementor-button-wrapper\">\n\t\t\t\t\t<a class=\"elementor-button elementor-button-link elementor-size-sm\" href=\"#haendler\">\n\t\t\t\t\t\t<span class=\"elementor-button-content-wrapper\">\n\t\t\t\t\t\t<span class=\"elementor-button-icon\">\n\t\t\t\t<i aria-hidden=\"true\" class=\"far fa-arrow-alt-circle-down\"><\/i>\t\t\t<\/span>\n\t\t\t\t\t\t\t\t\t<span class=\"elementor-button-text\">more infos<\/span>\n\t\t\t\t\t<\/span>\n\t\t\t\t\t<\/a>\n\t\t\t\t<\/div>\n\t\t\t\t\t\t\t\t<\/div>\n\t\t\t\t<\/div>\n\t\t\t\t\t<\/div>\n\t\t<\/div>\n\t\t\t\t<div class=\"elementor-column elementor-col-33 elementor-top-column elementor-element elementor-element-e76dc1a elementor-hidden-mobile\" data-id=\"e76dc1a\" data-element_type=\"column\">\n\t\t\t<div class=\"elementor-widget-wrap\">\n\t\t\t\t\t\t\t<\/div>\n\t\t<\/div>\n\t\t\t\t\t<\/div>\n\t\t<\/section>\n\t\t\t\t<section class=\"elementor-section elementor-top-section elementor-element elementor-element-48cb76a elementor-section-boxed elementor-section-height-default elementor-section-height-default\" data-id=\"48cb76a\" data-element_type=\"section\" id=\"haendler\">\n\t\t\t\t\t\t<div class=\"elementor-container elementor-column-gap-default\">\n\t\t\t\t\t<div class=\"elementor-column elementor-col-100 elementor-top-column elementor-element elementor-element-1b0d816b\" data-id=\"1b0d816b\" data-element_type=\"column\">\n\t\t\t<div class=\"elementor-widget-wrap elementor-element-populated\">\n\t\t\t\t\t\t<div class=\"elementor-element elementor-element-375936d9 elementor-widget elementor-widget-heading\" data-id=\"375936d9\" data-element_type=\"widget\" data-widget_type=\"heading.default\">\n\t\t\t\t<div class=\"elementor-widget-container\">\n\t\t\t\t\t<h2 class=\"elementor-heading-title elementor-size-default\">For dealers, resellers &amp; fitters<\/h2>\t\t\t\t<\/div>\n\t\t\t\t<\/div>\n\t\t\t\t<div class=\"elementor-element elementor-element-471cff2 elementor-widget elementor-widget-text-editor\" data-id=\"471cff2\" data-element_type=\"widget\" data-widget_type=\"text-editor.default\">\n\t\t\t\t<div class=\"elementor-widget-container\">\n\t\t\t\t\t\t\t\t\t<p>Are you a specialist dealer, professional campervan builder, content creator or would you like to sell our products in your own shop?<\/p><h2>Then benefit from the following advantages:<\/h2>\t\t\t\t\t\t\t\t<\/div>\n\t\t\t\t<\/div>\n\t\t\t\t<section class=\"elementor-section elementor-inner-section elementor-element elementor-element-8083e53 elementor-section-boxed elementor-section-height-default elementor-section-height-default\" data-id=\"8083e53\" data-element_type=\"section\">\n\t\t\t\t\t\t<div class=\"elementor-container elementor-column-gap-default\">\n\t\t\t\t\t<div class=\"elementor-column elementor-col-33 elementor-inner-column elementor-element elementor-element-a49f147\" data-id=\"a49f147\" data-element_type=\"column\">\n\t\t\t<div class=\"elementor-widget-wrap elementor-element-populated\">\n\t\t\t\t\t\t<div class=\"elementor-element elementor-element-8ae776d elementor-position-top elementor-invisible elementor-widget elementor-widget-image-box\" data-id=\"8ae776d\" data-element_type=\"widget\" data-settings=\"{&quot;_animation&quot;:&quot;fadeIn&quot;}\" data-widget_type=\"image-box.default\">\n\t\t\t\t<div class=\"elementor-widget-container\">\n\t\t\t\t\t<div class=\"elementor-image-box-wrapper\"><figure class=\"elementor-image-box-img\"><img decoding=\"async\" width=\"73\" height=\"73\" src=\"https:\/\/vanue.world\/wp-content\/uploads\/icon-fuer-vans.svg\" class=\"attachment-thumbnail size-thumbnail wp-image-2525\" alt=\"\" \/><\/figure><div class=\"elementor-image-box-content\"><h3 class=\"elementor-image-box-title\">Special purchasing conditions<\/h3><p class=\"elementor-image-box-description\">Special prices for business customers - to make resale worthwhile.<\/p><\/div><\/div>\t\t\t\t<\/div>\n\t\t\t\t<\/div>\n\t\t\t\t<div class=\"elementor-element elementor-element-4ffa1d3 elementor-position-top elementor-invisible elementor-widget elementor-widget-image-box\" data-id=\"4ffa1d3\" data-element_type=\"widget\" data-settings=\"{&quot;_animation&quot;:&quot;fadeIn&quot;}\" data-widget_type=\"image-box.default\">\n\t\t\t\t<div class=\"elementor-widget-container\">\n\t\t\t\t\t<div class=\"elementor-image-box-wrapper\"><figure class=\"elementor-image-box-img\"><img decoding=\"async\" width=\"73\" height=\"73\" src=\"https:\/\/vanue.world\/wp-content\/uploads\/icon-fuer-vans.svg\" class=\"attachment-thumbnail size-thumbnail wp-image-2525\" alt=\"\" \/><\/figure><div class=\"elementor-image-box-content\"><h3 class=\"elementor-image-box-title\">Professional image material<\/h3><p class=\"elementor-image-box-description\">On request, we can provide high-quality image material for product presentation.<\/p><\/div><\/div>\t\t\t\t<\/div>\n\t\t\t\t<\/div>\n\t\t\t\t\t<\/div>\n\t\t<\/div>\n\t\t\t\t<div class=\"elementor-column elementor-col-33 elementor-inner-column elementor-element elementor-element-397b835\" data-id=\"397b835\" data-element_type=\"column\">\n\t\t\t<div class=\"elementor-widget-wrap elementor-element-populated\">\n\t\t\t\t\t\t<div class=\"elementor-element elementor-element-a49643c elementor-position-top elementor-invisible elementor-widget elementor-widget-image-box\" data-id=\"a49643c\" data-element_type=\"widget\" data-settings=\"{&quot;_animation&quot;:&quot;fadeIn&quot;}\" data-widget_type=\"image-box.default\">\n\t\t\t\t<div class=\"elementor-widget-container\">\n\t\t\t\t\t<div class=\"elementor-image-box-wrapper\"><figure class=\"elementor-image-box-img\"><img decoding=\"async\" width=\"73\" height=\"73\" src=\"https:\/\/vanue.world\/wp-content\/uploads\/icon-fuer-vans.svg\" class=\"attachment-thumbnail size-thumbnail wp-image-2525\" alt=\"\" \/><\/figure><div class=\"elementor-image-box-content\"><h3 class=\"elementor-image-box-title\">Neutral direct shipping to your customers<\/h3><p class=\"elementor-image-box-description\">We can take care of the shipping directly on request - neutral, reliable and without additional costs (only the transport costs are charged).<\/p><\/div><\/div>\t\t\t\t<\/div>\n\t\t\t\t<\/div>\n\t\t\t\t<div class=\"elementor-element elementor-element-54b1527d elementor-widget elementor-widget-image\" data-id=\"54b1527d\" data-element_type=\"widget\" data-widget_type=\"image.default\">\n\t\t\t\t<div class=\"elementor-widget-container\">\n\t\t\t\t\t\t\t\t\t\t\t\t\t\t\t<img fetchpriority=\"high\" decoding=\"async\" width=\"768\" height=\"962\" src=\"https:\/\/vanue.world\/wp-content\/uploads\/kl-010201_Home_Warum_Vanue_11A6158_sRGB-768x962.jpg\" class=\"attachment-medium_large size-medium_large wp-image-2394\" alt=\"\" srcset=\"https:\/\/vanue.world\/wp-content\/uploads\/kl-010201_Home_Warum_Vanue_11A6158_sRGB-768x962.jpg 768w, https:\/\/vanue.world\/wp-content\/uploads\/kl-010201_Home_Warum_Vanue_11A6158_sRGB-600x751.jpg 600w, https:\/\/vanue.world\/wp-content\/uploads\/kl-010201_Home_Warum_Vanue_11A6158_sRGB-240x300.jpg 240w, https:\/\/vanue.world\/wp-content\/uploads\/kl-010201_Home_Warum_Vanue_11A6158_sRGB-818x1024.jpg 818w, https:\/\/vanue.world\/wp-content\/uploads\/kl-010201_Home_Warum_Vanue_11A6158_sRGB-10x12.jpg 10w, https:\/\/vanue.world\/wp-content\/uploads\/kl-010201_Home_Warum_Vanue_11A6158_sRGB.jpg 1020w\" sizes=\"(max-width: 768px) 100vw, 768px\" \/>\t\t\t\t\t\t\t\t\t\t\t\t\t\t\t<\/div>\n\t\t\t\t<\/div>\n\t\t\t\t\t<\/div>\n\t\t<\/div>\n\t\t\t\t<div class=\"elementor-column elementor-col-33 elementor-inner-column elementor-element elementor-element-f8de234\" data-id=\"f8de234\" data-element_type=\"column\">\n\t\t\t<div class=\"elementor-widget-wrap elementor-element-populated\">\n\t\t\t\t\t\t<div class=\"elementor-element elementor-element-28b7601 elementor-position-top elementor-invisible elementor-widget elementor-widget-image-box\" data-id=\"28b7601\" data-element_type=\"widget\" data-settings=\"{&quot;_animation&quot;:&quot;fadeIn&quot;}\" data-widget_type=\"image-box.default\">\n\t\t\t\t<div class=\"elementor-widget-container\">\n\t\t\t\t\t<div class=\"elementor-image-box-wrapper\"><figure class=\"elementor-image-box-img\"><img decoding=\"async\" width=\"73\" height=\"73\" src=\"https:\/\/vanue.world\/wp-content\/uploads\/icon-fuer-vans.svg\" class=\"attachment-thumbnail size-thumbnail wp-image-2525\" alt=\"\" \/><\/figure><div class=\"elementor-image-box-content\"><h3 class=\"elementor-image-box-title\">Keine Mindestabnahme &amp; kein Mindestumsatz\u200b<\/h3><p class=\"elementor-image-box-description\">Full flexibility - even for smaller companies and projects.<\/p><\/div><\/div>\t\t\t\t<\/div>\n\t\t\t\t<\/div>\n\t\t\t\t<div class=\"elementor-element elementor-element-14eef07 elementor-position-top elementor-invisible elementor-widget elementor-widget-image-box\" data-id=\"14eef07\" data-element_type=\"widget\" data-settings=\"{&quot;_animation&quot;:&quot;fadeIn&quot;}\" data-widget_type=\"image-box.default\">\n\t\t\t\t<div class=\"elementor-widget-container\">\n\t\t\t\t\t<div class=\"elementor-image-box-wrapper\"><figure class=\"elementor-image-box-img\"><img decoding=\"async\" width=\"73\" height=\"73\" src=\"https:\/\/vanue.world\/wp-content\/uploads\/icon-fuer-vans.svg\" class=\"attachment-thumbnail size-thumbnail wp-image-2525\" alt=\"\" \/><\/figure><div class=\"elementor-image-box-content\"><h3 class=\"elementor-image-box-title\">Event and trade fair support<\/h3><p class=\"elementor-image-box-description\">Wir unterst\u00fctzen dich gern bei Messen oder Veranstaltungen rund um Vanlife &amp; Camper-Ausbau.\u200b<\/p><\/div><\/div>\t\t\t\t<\/div>\n\t\t\t\t<\/div>\n\t\t\t\t\t<\/div>\n\t\t<\/div>\n\t\t\t\t\t<\/div>\n\t\t<\/section>\n\t\t\t\t\t<\/div>\n\t\t<\/div>\n\t\t\t\t\t<\/div>\n\t\t<\/section>\n\t\t\t\t<section class=\"elementor-section elementor-top-section elementor-element elementor-element-1a910b4 elementor-section-boxed elementor-section-height-default elementor-section-height-default\" data-id=\"1a910b4\" data-element_type=\"section\" data-settings=\"{&quot;background_background&quot;:&quot;classic&quot;}\">\n\t\t\t\t\t\t<div class=\"elementor-container elementor-column-gap-default\">\n\t\t\t\t\t<div class=\"elementor-column elementor-col-100 elementor-top-column elementor-element elementor-element-0d982ad\" data-id=\"0d982ad\" data-element_type=\"column\">\n\t\t\t<div class=\"elementor-widget-wrap elementor-element-populated\">\n\t\t\t\t\t\t<div class=\"elementor-element elementor-element-1dd29adf elementor-align-center elementor-invisible elementor-widget elementor-widget-button\" data-id=\"1dd29adf\" data-element_type=\"widget\" data-settings=\"{&quot;_animation&quot;:&quot;fadeInRight&quot;,&quot;_animation_delay&quot;:300}\" data-widget_type=\"button.default\">\n\t\t\t\t<div class=\"elementor-widget-container\">\n\t\t\t\t\t\t\t\t\t<div class=\"elementor-button-wrapper\">\n\t\t\t\t\t<a class=\"elementor-button elementor-button-link elementor-size-sm\" href=\"https:\/\/vanue.world\/en\/kontakt\/\">\n\t\t\t\t\t\t<span class=\"elementor-button-content-wrapper\">\n\t\t\t\t\t\t\t\t\t<span class=\"elementor-button-text\">Request conditions now<\/span>\n\t\t\t\t\t<\/span>\n\t\t\t\t\t<\/a>\n\t\t\t\t<\/div>\n\t\t\t\t\t\t\t\t<\/div>\n\t\t\t\t<\/div>\n\t\t\t\t\t<\/div>\n\t\t<\/div>\n\t\t\t\t\t<\/div>\n\t\t<\/section>\n\t\t\t\t<section class=\"elementor-section elementor-top-section elementor-element elementor-element-75ce3fd elementor-section-boxed elementor-section-height-default elementor-section-height-default\" data-id=\"75ce3fd\" data-element_type=\"section\">\n\t\t\t\t\t\t<div class=\"elementor-container elementor-column-gap-default\">\n\t\t\t\t\t<div class=\"elementor-column elementor-col-100 elementor-top-column elementor-element elementor-element-cf506b6\" data-id=\"cf506b6\" data-element_type=\"column\">\n\t\t\t<div class=\"elementor-widget-wrap elementor-element-populated\">\n\t\t\t\t\t\t<div class=\"elementor-element elementor-element-4c79ecd elementor-widget elementor-widget-heading\" data-id=\"4c79ecd\" data-element_type=\"widget\" data-widget_type=\"heading.default\">\n\t\t\t\t<div class=\"elementor-widget-container\">\n\t\t\t\t\t<h2 class=\"elementor-heading-title elementor-size-default\">For Influencers &amp; Content Creators<\/h2>\t\t\t\t<\/div>\n\t\t\t\t<\/div>\n\t\t\t\t<div class=\"elementor-element elementor-element-aebcbf1 elementor-widget elementor-widget-text-editor\" data-id=\"aebcbf1\" data-element_type=\"widget\" data-widget_type=\"text-editor.default\">\n\t\t\t\t<div class=\"elementor-widget-container\">\n\t\t\t\t\t\t\t\t\tDo you love vanlife and want to work with VANUE because you are convinced by our products?\n\n<h2>Then become part of our affiliate programme:<\/h2>\t\t\t\t\t\t\t\t<\/div>\n\t\t\t\t<\/div>\n\t\t\t\t<section class=\"elementor-section elementor-inner-section elementor-element elementor-element-d447a81 elementor-section-boxed elementor-section-height-default elementor-section-height-default\" data-id=\"d447a81\" data-element_type=\"section\">\n\t\t\t\t\t\t<div class=\"elementor-container elementor-column-gap-default\">\n\t\t\t\t\t<div class=\"elementor-column elementor-col-33 elementor-inner-column elementor-element elementor-element-b0de65d elementor-invisible\" data-id=\"b0de65d\" data-element_type=\"column\" data-settings=\"{&quot;background_background&quot;:&quot;classic&quot;,&quot;animation&quot;:&quot;fadeIn&quot;}\">\n\t\t\t<div class=\"elementor-widget-wrap elementor-element-populated\">\n\t\t\t\t\t\t<div class=\"elementor-element elementor-element-2f0fb6b elementor-position-top elementor-invisible elementor-widget elementor-widget-image-box\" data-id=\"2f0fb6b\" data-element_type=\"widget\" data-settings=\"{&quot;_animation&quot;:&quot;fadeIn&quot;}\" data-widget_type=\"image-box.default\">\n\t\t\t\t<div class=\"elementor-widget-container\">\n\t\t\t\t\t<div class=\"elementor-image-box-wrapper\"><figure class=\"elementor-image-box-img\"><img decoding=\"async\" width=\"73\" height=\"73\" src=\"https:\/\/vanue.world\/wp-content\/uploads\/icon-fuer-vans.svg\" class=\"attachment-thumbnail size-thumbnail wp-image-2525\" alt=\"\" \/><\/figure><div class=\"elementor-image-box-content\"><h3 class=\"elementor-image-box-title\">Affiliate programme on Adcell<\/h3><p class=\"elementor-image-box-description\">\nEarn money from referrals via our Adcell partner programme.<br>\n\ud83d\udd17 <a href=\"https:\/\/www.adcell.de\/promotion\/listnew\/keyword\/VANUE\">register HERE<\/a><\/p><\/div><\/div>\t\t\t\t<\/div>\n\t\t\t\t<\/div>\n\t\t\t\t\t<\/div>\n\t\t<\/div>\n\t\t\t\t<div class=\"elementor-column elementor-col-33 elementor-inner-column elementor-element elementor-element-e04cb42 elementor-invisible\" data-id=\"e04cb42\" data-element_type=\"column\" data-settings=\"{&quot;background_background&quot;:&quot;classic&quot;,&quot;animation&quot;:&quot;fadeIn&quot;}\">\n\t\t\t<div class=\"elementor-widget-wrap elementor-element-populated\">\n\t\t\t\t\t\t<div class=\"elementor-element elementor-element-cfd8f5f elementor-position-top elementor-invisible elementor-widget elementor-widget-image-box\" data-id=\"cfd8f5f\" data-element_type=\"widget\" data-settings=\"{&quot;_animation&quot;:&quot;fadeIn&quot;}\" data-widget_type=\"image-box.default\">\n\t\t\t\t<div class=\"elementor-widget-container\">\n\t\t\t\t\t<div class=\"elementor-image-box-wrapper\"><figure class=\"elementor-image-box-img\"><img decoding=\"async\" width=\"73\" height=\"73\" src=\"https:\/\/vanue.world\/wp-content\/uploads\/icon-fuer-vans.svg\" class=\"attachment-thumbnail size-thumbnail wp-image-2525\" alt=\"\" \/><\/figure><div class=\"elementor-image-box-content\"><h3 class=\"elementor-image-box-title\">Special prices for co-operations<\/h3><p class=\"elementor-image-box-description\">No free goods, but fair special prices possible.<\/p><\/div><\/div>\t\t\t\t<\/div>\n\t\t\t\t<\/div>\n\t\t\t\t\t<\/div>\n\t\t<\/div>\n\t\t\t\t<div class=\"elementor-column elementor-col-33 elementor-inner-column elementor-element elementor-element-09a01a8 elementor-invisible\" data-id=\"09a01a8\" data-element_type=\"column\" data-settings=\"{&quot;background_background&quot;:&quot;classic&quot;,&quot;animation&quot;:&quot;fadeIn&quot;}\">\n\t\t\t<div class=\"elementor-widget-wrap elementor-element-populated\">\n\t\t\t\t\t\t<div class=\"elementor-element elementor-element-86b0991 elementor-position-top elementor-invisible elementor-widget elementor-widget-image-box\" data-id=\"86b0991\" data-element_type=\"widget\" data-settings=\"{&quot;_animation&quot;:&quot;fadeIn&quot;}\" data-widget_type=\"image-box.default\">\n\t\t\t\t<div class=\"elementor-widget-container\">\n\t\t\t\t\t<div class=\"elementor-image-box-wrapper\"><figure class=\"elementor-image-box-img\"><img decoding=\"async\" width=\"73\" height=\"73\" src=\"https:\/\/vanue.world\/wp-content\/uploads\/icon-fuer-vans.svg\" class=\"attachment-thumbnail size-thumbnail wp-image-2525\" alt=\"\" \/><\/figure><div class=\"elementor-image-box-content\"><h3 class=\"elementor-image-box-title\">Beratung &amp; Support<\/h3><p class=\"elementor-image-box-description\">\nWe are on hand to advise you - on technical questions, installation tips and much more.<\/p><\/div><\/div>\t\t\t\t<\/div>\n\t\t\t\t<\/div>\n\t\t\t\t\t<\/div>\n\t\t<\/div>\n\t\t\t\t\t<\/div>\n\t\t<\/section>\n\t\t\t\t<section class=\"elementor-section elementor-inner-section elementor-element elementor-element-a29d30d elementor-section-boxed elementor-section-height-default elementor-section-height-default\" data-id=\"a29d30d\" data-element_type=\"section\">\n\t\t\t\t\t\t<div class=\"elementor-container elementor-column-gap-default\">\n\t\t\t\t\t<div class=\"elementor-column elementor-col-50 elementor-inner-column elementor-element elementor-element-c55c059\" data-id=\"c55c059\" data-element_type=\"column\">\n\t\t\t<div class=\"elementor-widget-wrap elementor-element-populated\">\n\t\t\t\t\t\t<div class=\"elementor-element elementor-element-22dd473 elementor-widget elementor-widget-image\" data-id=\"22dd473\" data-element_type=\"widget\" data-widget_type=\"image.default\">\n\t\t\t\t<div class=\"elementor-widget-container\">\n\t\t\t\t\t\t\t\t\t\t\t\t\t\t\t<img decoding=\"async\" width=\"768\" height=\"577\" src=\"https:\/\/vanue.world\/wp-content\/uploads\/warum-vanue-34-768x577.jpg\" class=\"attachment-medium_large size-medium_large wp-image-3451\" alt=\"\" srcset=\"https:\/\/vanue.world\/wp-content\/uploads\/warum-vanue-34-768x577.jpg 768w, https:\/\/vanue.world\/wp-content\/uploads\/warum-vanue-34-600x451.jpg 600w, https:\/\/vanue.world\/wp-content\/uploads\/warum-vanue-34-300x225.jpg 300w, https:\/\/vanue.world\/wp-content\/uploads\/warum-vanue-34-16x12.jpg 16w, https:\/\/vanue.world\/wp-content\/uploads\/warum-vanue-34.jpg 799w\" sizes=\"(max-width: 768px) 100vw, 768px\" \/>\t\t\t\t\t\t\t\t\t\t\t\t\t\t\t<\/div>\n\t\t\t\t<\/div>\n\t\t\t\t\t<\/div>\n\t\t<\/div>\n\t\t\t\t<div class=\"elementor-column elementor-col-50 elementor-inner-column elementor-element elementor-element-f05c9b3\" data-id=\"f05c9b3\" data-element_type=\"column\">\n\t\t\t<div class=\"elementor-widget-wrap elementor-element-populated\">\n\t\t\t\t\t\t<div class=\"elementor-element elementor-element-b36324e elementor-widget elementor-widget-text-editor\" data-id=\"b36324e\" data-element_type=\"widget\" data-widget_type=\"text-editor.default\">\n\t\t\t\t<div class=\"elementor-widget-container\">\n\t\t\t\t\t\t\t\t\t<p>With our affiliate programme, it is important to us that our partners share VANUE out of conviction - not just because of a deal.<\/p>\t\t\t\t\t\t\t\t<\/div>\n\t\t\t\t<\/div>\n\t\t\t\t\t<\/div>\n\t\t<\/div>\n\t\t\t\t\t<\/div>\n\t\t<\/section>\n\t\t\t\t\t<\/div>\n\t\t<\/div>\n\t\t\t\t\t<\/div>\n\t\t<\/section>\n\t\t\t\t<section class=\"elementor-section elementor-top-section elementor-element elementor-element-d43826d elementor-section-boxed elementor-section-height-default elementor-section-height-default\" data-id=\"d43826d\" data-element_type=\"section\" data-settings=\"{&quot;background_background&quot;:&quot;classic&quot;}\">\n\t\t\t\t\t\t<div class=\"elementor-container elementor-column-gap-default\">\n\t\t\t\t\t<div class=\"elementor-column elementor-col-100 elementor-top-column elementor-element elementor-element-1171008 elementor-invisible\" data-id=\"1171008\" data-element_type=\"column\" data-settings=\"{&quot;animation&quot;:&quot;fadeInRight&quot;}\">\n\t\t\t<div class=\"elementor-widget-wrap elementor-element-populated\">\n\t\t\t\t\t\t<div class=\"elementor-element elementor-element-17a408d elementor-widget elementor-widget-text-editor\" data-id=\"17a408d\" data-element_type=\"widget\" data-widget_type=\"text-editor.default\">\n\t\t\t\t<div class=\"elementor-widget-container\">\n\t\t\t\t\t\t\t\t\t<p><strong>Any questions?<\/strong><\/p><p>Our team will be happy to advise you. Please send us an e-mail to <a style=\"color: #fff;\" href=\"mailto:kooperation@vanue.world\">kooperation@vanue.world<\/a>.<\/p><div>\u00a0<\/div>\t\t\t\t\t\t\t\t<\/div>\n\t\t\t\t<\/div>\n\t\t\t\t<div class=\"elementor-element elementor-element-eb1145e elementor-align-center elementor-invisible elementor-widget elementor-widget-button\" data-id=\"eb1145e\" data-element_type=\"widget\" data-settings=\"{&quot;_animation&quot;:&quot;fadeInRight&quot;,&quot;_animation_delay&quot;:300}\" data-widget_type=\"button.default\">\n\t\t\t\t<div class=\"elementor-widget-container\">\n\t\t\t\t\t\t\t\t\t<div class=\"elementor-button-wrapper\">\n\t\t\t\t\t<a class=\"elementor-button elementor-button-link elementor-size-sm\" href=\"https:\/\/vanue.world\/en\/kontakt\/\">\n\t\t\t\t\t\t<span class=\"elementor-button-content-wrapper\">\n\t\t\t\t\t\t\t\t\t<span class=\"elementor-button-text\">Request conditions now<\/span>\n\t\t\t\t\t<\/span>\n\t\t\t\t\t<\/a>\n\t\t\t\t<\/div>\n\t\t\t\t\t\t\t\t<\/div>\n\t\t\t\t<\/div>\n\t\t\t\t\t<\/div>\n\t\t<\/div>\n\t\t\t\t\t<\/div>\n\t\t<\/section>\n\t\t\t\t<\/div>","protected":false},"excerpt":{"rendered":"<p>Vanue f\u00fcr Profis H\u00e4ndler, Ausbauer &amp; Influencer\u200b\u200b Wir bieten Dir attraktive Konditionen. mehr Infos F\u00fcr H\u00e4ndler, Wiederverk\u00e4ufer &amp; Ausbauer Du bist Fachh\u00e4ndler, professioneller Camper-Ausbauer oder m\u00f6chtest unsere Produkte in deinem eigenen Shop vertreiben? Dann profitiere von folgenden Vorteilen: Gesonderte Einkaufskonditionen \u200b Spezielle Preise f\u00fcr Gesch\u00e4ftskunden \u2013 damit sich Wiederverkauf lohnt.\u200b Professionelles Bildmaterial\u200b Auf Wunsch stellen [&hellip;]<\/p>","protected":false},"author":618,"featured_media":0,"parent":0,"menu_order":0,"comment_status":"closed","ping_status":"closed","template":"","meta":{"footnotes":""},"class_list":["post-8820","page","type-page","status-publish","hentry"],"_links":{"self":[{"href":"https:\/\/vanue.world\/en\/wp-json\/wp\/v2\/pages\/8820","targetHints":{"allow":["GET"]}}],"collection":[{"href":"https:\/\/vanue.world\/en\/wp-json\/wp\/v2\/pages"}],"about":[{"href":"https:\/\/vanue.world\/en\/wp-json\/wp\/v2\/types\/page"}],"author":[{"embeddable":true,"href":"https:\/\/vanue.world\/en\/wp-json\/wp\/v2\/users\/618"}],"replies":[{"embeddable":true,"href":"https:\/\/vanue.world\/en\/wp-json\/wp\/v2\/comments?post=8820"}],"version-history":[{"count":50,"href":"https:\/\/vanue.world\/en\/wp-json\/wp\/v2\/pages\/8820\/revisions"}],"predecessor-version":[{"id":8883,"href":"https:\/\/vanue.world\/en\/wp-json\/wp\/v2\/pages\/8820\/revisions\/8883"}],"wp:attachment":[{"href":"https:\/\/vanue.world\/en\/wp-json\/wp\/v2\/media?parent=8820"}],"curies":[{"name":"wp","href":"https:\/\/api.w.org\/{rel}","templated":true}]}}