{"id":456,"date":"2021-10-11T14:04:22","date_gmt":"2021-10-11T12:04:22","guid":{"rendered":"https:\/\/vanue.world\/impressum\/"},"modified":"2026-01-27T20:23:50","modified_gmt":"2026-01-27T18:23:50","slug":"impressum","status":"publish","type":"page","link":"https:\/\/vanue.world\/en\/impressum\/","title":{"rendered":"Imprint"},"content":{"rendered":"<div data-elementor-type=\"wp-page\" data-elementor-id=\"456\" class=\"elementor elementor-456\" data-elementor-post-type=\"page\">\n\t\t\t\t\t\t<section class=\"elementor-section elementor-top-section elementor-element elementor-element-97edabd elementor-section-boxed elementor-section-height-default elementor-section-height-default\" data-id=\"97edabd\" data-element_type=\"section\">\n\t\t\t\t\t\t<div class=\"elementor-container elementor-column-gap-default\">\n\t\t\t\t\t<div class=\"elementor-column elementor-col-100 elementor-top-column elementor-element elementor-element-1bf22e7\" data-id=\"1bf22e7\" data-element_type=\"column\">\n\t\t\t<div class=\"elementor-widget-wrap elementor-element-populated\">\n\t\t\t\t\t\t<div class=\"elementor-element elementor-element-2a64bae elementor-widget elementor-widget-text-editor\" data-id=\"2a64bae\" data-element_type=\"widget\" data-widget_type=\"text-editor.default\">\n\t\t\t\t<div class=\"elementor-widget-container\">\n\t\t\t\t\t\t\t\t\t<p><strong>Legal website operator identification:<\/strong><\/p>\n<p>VANUE<\/p>\n<p>Der Isolierprofi<br>Christian Born<br>Uhlandstrasse 11<br>85609 Ashheim<br>Germany<br>Telephone: +49 89 552 969 57<br>Fax: +49 89 552 969 59<br>E-Mail: <a href=\"mailto:info@vanue.world\">info@vanue.world<\/a><\/p>\n<p><strong>VAT No.: DE265862609<\/strong><\/p>\n<p class=\"translation-block\"><strong>Responsible for the contents as per \u00a7 18 paragraph 2 of the MStV:<\/strong><br \/>\nChristian Born<br \/>\nUhlandstra\u00dfe 11<br \/>\n85609 Aschheim<br \/>\nGermany<\/p>\n<p><strong>Alternative dispute resolution:<\/strong><br>We are neither willing nor obliged to participate in dispute resolution proceedings before consumer arbitration boards.<\/p>\n<p><strong>Nutzungsrechte Bilder und Texte:<\/strong><br>Alle auf dieser Webseite genutzten Produktfotos oder Situationsbilder sind durch uns selbst erstellt und alle Rechte liegen bei Fa. Der ISolierprofi, Christian Born, Uhlandstra\u00dfe 11, 85609 Aschheim. Eine Verwendung ohne unsere ausdr\u00fcckliche, schriftliche Zustimmung ist verboten und wird geahndet. Ebenfalls die Texte und Beschreibungen d\u00fcrfen nicht, vor allen Dingen nicht wortgetreu kopiert oder anderweitig genutzt werden.<\/p>\n<p class=\"translation-block\"><strong>We are a member of the initiative \u201eFairCommerce\u201c since 20.08.2015.<\/strong><br \/>\nFor more information, see: <a href=\"https:\/\/www.haendlerbund.de\/de\/haendlerbund\/interessenvertretung\/faircommerce\" target=\"_blank\" rel=\"noopener\">www.haendlerbund.de\/faircommerce<\/a>.<\/p>\t\t\t\t\t\t\t\t<\/div>\n\t\t\t\t<\/div>\n\t\t\t\t\t<\/div>\n\t\t<\/div>\n\t\t\t\t\t<\/div>\n\t\t<\/section>\n\t\t\t\t<\/div>","protected":false},"excerpt":{"rendered":"<p>Gesetzliche Anbieterkennung: VANUE Der IsolierprofiChristian BornUhlandstra\u00dfe 1185609 AschheimDeutschlandTelefon: +49 89 552 969 57Telefax: +49 89 552 969 59E-Mail: info@vanue.world USt-IdNr.: DE265862609 Inhaltlich Verantwortlicher gem\u00e4\u00df \u00a7 18 Abs. 2 MStV:Christian BornUhlandstra\u00dfe 1185609 AschheimDeutschland Alternative Streitbeilegung:Wir sind nicht bereit und nicht verpflichtet, an Streitbeilegungsverfahren vor Verbraucherschlichtungsstellen teilzunehmen. Nutzungsrechte Bilder und Texte:Alle auf dieser Webseite genutzten Produktfotos oder [&hellip;]<\/p>","protected":false},"author":1,"featured_media":0,"parent":0,"menu_order":99,"comment_status":"closed","ping_status":"closed","template":"","meta":{"footnotes":""},"class_list":["post-456","page","type-page","status-publish","hentry"],"_links":{"self":[{"href":"https:\/\/vanue.world\/en\/wp-json\/wp\/v2\/pages\/456","targetHints":{"allow":["GET"]}}],"collection":[{"href":"https:\/\/vanue.world\/en\/wp-json\/wp\/v2\/pages"}],"about":[{"href":"https:\/\/vanue.world\/en\/wp-json\/wp\/v2\/types\/page"}],"author":[{"embeddable":true,"href":"https:\/\/vanue.world\/en\/wp-json\/wp\/v2\/users\/1"}],"replies":[{"embeddable":true,"href":"https:\/\/vanue.world\/en\/wp-json\/wp\/v2\/comments?post=456"}],"version-history":[{"count":12,"href":"https:\/\/vanue.world\/en\/wp-json\/wp\/v2\/pages\/456\/revisions"}],"predecessor-version":[{"id":10079,"href":"https:\/\/vanue.world\/en\/wp-json\/wp\/v2\/pages\/456\/revisions\/10079"}],"wp:attachment":[{"href":"https:\/\/vanue.world\/en\/wp-json\/wp\/v2\/media?parent=456"}],"curies":[{"name":"wp","href":"https:\/\/api.w.org\/{rel}","templated":true}]}}